{"id":68,"date":"2013-11-13T15:52:00","date_gmt":"2013-11-13T14:52:00","guid":{"rendered":"http:\/\/wasserschloss-loifling.de\/?page_id=68"},"modified":"2015-09-29T18:58:50","modified_gmt":"2015-09-29T16:58:50","slug":"der-foerderverein","status":"publish","type":"page","link":"http:\/\/wasserschloss-loifling.de\/?page_id=68","title":{"rendered":"Der F\u00f6rderverein"},"content":{"rendered":"<p style=\"text-align: center;\">Nach mehr als 10- j\u00e4hriger Renovierungsarbeit wurde das von der Gemeinde Traitsching erworbene Wasserschloss Loifling 1998 seiner Bestimmung als Kulturzentrum der Gemeinde der \u00d6ffentlichkeit \u00fcbergeben.<\/p>\n<p class=\"p1\" style=\"text-align: center;\"><span class=\"s1\">Anl\u00e4sslich des bevorstehenden Millenniums Jahreswechsels 1999\/2000 wurde gelegentlich die Frage aufgeworfen, ob die Gemeinde aus diesem Anlass im Wasserschloss eine Veranstaltung abhalten werde. Aus Sicht der Gemeinde lie\u00df sich das nicht verwirklichen. Im Fr\u00fchjahr 1999 wurde daraufhin die Idee geboren einen F\u00f6rderverein zu gr\u00fcnden.<\/span><\/p>\n<p class=\"p1\" style=\"text-align: center;\"><span class=\"s1\">Bereits am 08. Juli 1999 fand die Gr\u00fcndungsversammlung des \u201e F\u00f6rdervereins Wasserschloss Loifling\u201c statt.<\/span><\/p>\n<p class=\"p1\" style=\"text-align: center;\"><span class=\"s1\">Unter dem Vorsitz des Versammlungsleiters 1. B\u00fcrgermeister G\u00fcnther Pongratz wurde von 21 Gr\u00fcndungsmitglieder aus der Gemeinde Traitsching, aber auch dar\u00fcber hinaus die Satzung<span class=\"Apple-converted-space\">\u00a0 <\/span>des \u201eF\u00f6rdervereins Wasserschloss Loifling e.V.\u201c erlassen. <\/span><\/p>\n<p class=\"p1\" style=\"text-align: center;\"><span class=\"s1\">Zweck des Vereins ist die Beschaffung von Mitteln. Der Vereinszweck wird insbesonders verwirklicht durch<\/span><\/p>\n<p class=\"p1\" style=\"text-align: center;\"><span class=\"s1\">a) die F\u00f6rderung der Erhaltung und Restaurierung der Schlo\u00dfanlage;<\/span><\/p>\n<p class=\"p1\" style=\"text-align: center;\"><span class=\"s1\">b) die Erhaltung der Schlo\u00dfanlage im Eigentum er \u00f6ffentlichen<span class=\"Apple-converted-space\">\u00a0 <\/span>Hand;<\/span><\/p>\n<p class=\"p1\" style=\"text-align: center;\"><span class=\"s1\">c) die Zuf\u00fchrung der Schlo\u00dfanlage f\u00fcr eine Kulturelle und heimatkundliche Nutzung:<\/span><\/p>\n<p class=\"p1\" style=\"text-align: center;\"><span class=\"s1\">d) die F\u00f6rderung von Kunst und Kultur in der Schlo\u00dfanlage und<\/span><\/p>\n<p class=\"p1\" style=\"text-align: center;\"><span class=\"s1\">e) die weitere Erforschung der Geschichte der Schlo\u00dfanlage.<\/span><\/p>\n<p class=\"p1\" style=\"text-align: center;\"><span class=\"s1\"> Frau Lisa Deutsch wurde zur 1. Vorsitzenden<span class=\"Apple-converted-space\">\u00a0 <\/span>Herr 1. B\u00fcrgermeister G\u00fcnther Pongratz und Frau Christine von<span class=\"Apple-converted-space\">\u00a0 <\/span>Armannsberg zu stellvertretenden Vorsitzenden gew\u00e4hlt. Weitere Mitglieder der Vorstandschaft waren: Beate M\u00fchlbauer, Angelika Betz , Cilly Schiegl, Peter Gerl, Manuela Bourdon, Anna Denk, Horst Pressler und Elisabeth Gran.<\/span><\/p>\n<p class=\"p1\" style=\"text-align: center;\"><span class=\"s1\">Die dann vom F\u00f6rderverein durchgef\u00fchrte Millenniums-Veranstaltung 1999\/2000 war die erste Bew\u00e4hrungsprobe f\u00fcr den Verein und wurde ein gro\u00dfartiger Erfolg.<\/span><\/p>\n<p class=\"p1\" style=\"text-align: center;\"><span class=\"s1\">Seitdem erf\u00fcllt der \u201e F\u00f6rderverein Wasserschlo\u00df Loifling\u201c seine satzungsgem\u00e4\u00dfe Aufgabe durch die Organisation und Abhaltung mannigfaltiger Veranstaltungen auf die auch in den jeweiligen Veranstaltungskalendern hingewiesen wird.<\/span><\/p>\n<p style=\"text-align: center;\">\u00a0<a href=\"http:\/\/wasserschloss-loifling.de\/wp-content\/uploads\/2013\/11\/Das-Tor-1414944b.jpg\"><img loading=\"lazy\" decoding=\"async\" class=\"aligncenter size-full wp-image-23\" src=\"http:\/\/wasserschloss-loifling.de\/wp-content\/uploads\/2013\/11\/Das-Tor-1414944b.jpg\" alt=\"Das Tor-1414944b\" width=\"145\" height=\"117\" \/><\/a><\/p>\n","protected":false},"excerpt":{"rendered":"<p>Nach mehr als 10- j\u00e4hriger Renovierungsarbeit wurde das von der Gemeinde Traitsching erworbene Wasserschloss Loifling 1998 seiner Bestimmung als Kulturzentrum der Gemeinde der \u00d6ffentlichkeit \u00fcbergeben. Anl\u00e4sslich des bevorstehenden Millenniums Jahreswechsels 1999\/2000 wurde gelegentlich die Frage aufgeworfen, ob die Gemeinde aus diesem Anlass im Wasserschloss eine Veranstaltung abhalten werde. Aus Sicht der Gemeinde lie\u00df sich das &hellip; <a href=\"http:\/\/wasserschloss-loifling.de\/?page_id=68\" class=\"more-link\"><span class=\"screen-reader-text\">Der F\u00f6rderverein<\/span> weiterlesen <span class=\"meta-nav\">&rarr;<\/span><\/a><\/p>\n","protected":false},"author":1,"featured_media":0,"parent":0,"menu_order":0,"comment_status":"closed","ping_status":"closed","template":"","meta":{"footnotes":""},"class_list":["post-68","page","type-page","status-publish","hentry"],"_links":{"self":[{"href":"http:\/\/wasserschloss-loifling.de\/index.php?rest_route=\/wp\/v2\/pages\/68","targetHints":{"allow":["GET"]}}],"collection":[{"href":"http:\/\/wasserschloss-loifling.de\/index.php?rest_route=\/wp\/v2\/pages"}],"about":[{"href":"http:\/\/wasserschloss-loifling.de\/index.php?rest_route=\/wp\/v2\/types\/page"}],"author":[{"embeddable":true,"href":"http:\/\/wasserschloss-loifling.de\/index.php?rest_route=\/wp\/v2\/users\/1"}],"replies":[{"embeddable":true,"href":"http:\/\/wasserschloss-loifling.de\/index.php?rest_route=%2Fwp%2Fv2%2Fcomments&post=68"}],"version-history":[{"count":3,"href":"http:\/\/wasserschloss-loifling.de\/index.php?rest_route=\/wp\/v2\/pages\/68\/revisions"}],"predecessor-version":[{"id":432,"href":"http:\/\/wasserschloss-loifling.de\/index.php?rest_route=\/wp\/v2\/pages\/68\/revisions\/432"}],"wp:attachment":[{"href":"http:\/\/wasserschloss-loifling.de\/index.php?rest_route=%2Fwp%2Fv2%2Fmedia&parent=68"}],"curies":[{"name":"wp","href":"https:\/\/api.w.org\/{rel}","templated":true}]}}